{"id":9316,"date":"2020-06-10T14:49:11","date_gmt":"2020-06-10T14:49:11","guid":{"rendered":"https:\/\/elpalaciodelaspilas.com\/?post_type=product&#038;p=9316"},"modified":"2025-09-29T17:00:03","modified_gmt":"2025-09-29T17:00:03","slug":"energizer-cr123-lithium-3v","status":"publish","type":"product","link":"https:\/\/elpalaciodelaspilas.com\/?product=energizer-cr123-lithium-3v","title":{"rendered":"ENERGIZER CR123A LITHIUM 3V"},"content":{"rendered":"<p class=\"p1\"><span class=\"s1\">Usos: Fotograf\u00eda an\u00e1loga, c\u00e1maras de seguridad, sensores, linternas<\/span><\/p>\n<p class=\"p1\"><span class=\"s1\">Equivalencia: DL123, CR123A, EL123, 123,<\/span><\/p>\n<p><a href=\"https:\/\/elpalaciodelaspilas.com\/wp-content\/uploads\/2020\/06\/16.pdf\">Ver Ficha T\u00e9cnica<\/a><\/p>\n","protected":false},"excerpt":{"rendered":"<p class=\"p1\"><span class=\"s1\">Usos: Fotograf\u00eda an\u00e1loga, c\u00e1maras de seguridad, sensores, linternas<\/span><\/p>\n<p class=\"p1\"><span class=\"s1\">Equivalencia: DL123, CR123A, EL123, 123,<\/span><\/p>\n","protected":false},"featured_media":10026,"comment_status":"open","ping_status":"closed","template":"","meta":[],"product_brand":[],"product_cat":[329],"product_tag":[],"class_list":{"0":"post-9316","1":"product","2":"type-product","3":"status-publish","4":"has-post-thumbnail","6":"product_cat-lithium","8":"first","9":"instock","10":"shipping-taxable","11":"purchasable","12":"product-type-simple"},"jetpack_sharing_enabled":true,"_links":{"self":[{"href":"https:\/\/elpalaciodelaspilas.com\/index.php?rest_route=\/wp\/v2\/product\/9316","targetHints":{"allow":["GET"]}}],"collection":[{"href":"https:\/\/elpalaciodelaspilas.com\/index.php?rest_route=\/wp\/v2\/product"}],"about":[{"href":"https:\/\/elpalaciodelaspilas.com\/index.php?rest_route=\/wp\/v2\/types\/product"}],"replies":[{"embeddable":true,"href":"https:\/\/elpalaciodelaspilas.com\/index.php?rest_route=%2Fwp%2Fv2%2Fcomments&post=9316"}],"wp:featuredmedia":[{"embeddable":true,"href":"https:\/\/elpalaciodelaspilas.com\/index.php?rest_route=\/wp\/v2\/media\/10026"}],"wp:attachment":[{"href":"https:\/\/elpalaciodelaspilas.com\/index.php?rest_route=%2Fwp%2Fv2%2Fmedia&parent=9316"}],"wp:term":[{"taxonomy":"product_brand","embeddable":true,"href":"https:\/\/elpalaciodelaspilas.com\/index.php?rest_route=%2Fwp%2Fv2%2Fproduct_brand&post=9316"},{"taxonomy":"product_cat","embeddable":true,"href":"https:\/\/elpalaciodelaspilas.com\/index.php?rest_route=%2Fwp%2Fv2%2Fproduct_cat&post=9316"},{"taxonomy":"product_tag","embeddable":true,"href":"https:\/\/elpalaciodelaspilas.com\/index.php?rest_route=%2Fwp%2Fv2%2Fproduct_tag&post=9316"}],"curies":[{"name":"wp","href":"https:\/\/api.w.org\/{rel}","templated":true}]}}