{"id":9634,"date":"2020-06-27T19:35:42","date_gmt":"2020-06-27T19:35:42","guid":{"rendered":"https:\/\/elpalaciodelaspilas.com\/?post_type=product&#038;p=9634"},"modified":"2026-04-02T14:02:13","modified_gmt":"2026-04-02T14:02:13","slug":"panasonic-2cr5-lithium-6v","status":"publish","type":"product","link":"https:\/\/elpalaciodelaspilas.com\/?product=panasonic-2cr5-lithium-6v","title":{"rendered":"PANASONIC 2CR5 LITHIUM 6V \u00abBULK\u00bb"},"content":{"rendered":"<p>Usos: Fotograf\u00eda an\u00e1loga, equipos m\u00e9dicos.<\/p>\n<p>Equivalencia: DL245<\/p>\n<p><a href=\"https:\/\/elpalaciodelaspilas.com\/wp-content\/uploads\/2020\/06\/2CR5-DS.pdf\">Ver ficha t\u00e9cnica\u00a0<\/a><\/p>\n","protected":false},"excerpt":{"rendered":"<p>Usos: Fotograf\u00eda an\u00e1loga, equipos m\u00e9dicos.<\/p>\n<p>Equivalencia: DL245<\/p>\n","protected":false},"featured_media":10642,"comment_status":"open","ping_status":"closed","template":"","meta":[],"product_brand":[],"product_cat":[329],"product_tag":[],"class_list":{"0":"post-9634","1":"product","2":"type-product","3":"status-publish","4":"has-post-thumbnail","6":"product_cat-lithium","8":"first","9":"instock","10":"shipping-taxable","11":"purchasable","12":"product-type-simple"},"jetpack_sharing_enabled":true,"_links":{"self":[{"href":"https:\/\/elpalaciodelaspilas.com\/index.php?rest_route=\/wp\/v2\/product\/9634","targetHints":{"allow":["GET"]}}],"collection":[{"href":"https:\/\/elpalaciodelaspilas.com\/index.php?rest_route=\/wp\/v2\/product"}],"about":[{"href":"https:\/\/elpalaciodelaspilas.com\/index.php?rest_route=\/wp\/v2\/types\/product"}],"replies":[{"embeddable":true,"href":"https:\/\/elpalaciodelaspilas.com\/index.php?rest_route=%2Fwp%2Fv2%2Fcomments&post=9634"}],"wp:featuredmedia":[{"embeddable":true,"href":"https:\/\/elpalaciodelaspilas.com\/index.php?rest_route=\/wp\/v2\/media\/10642"}],"wp:attachment":[{"href":"https:\/\/elpalaciodelaspilas.com\/index.php?rest_route=%2Fwp%2Fv2%2Fmedia&parent=9634"}],"wp:term":[{"taxonomy":"product_brand","embeddable":true,"href":"https:\/\/elpalaciodelaspilas.com\/index.php?rest_route=%2Fwp%2Fv2%2Fproduct_brand&post=9634"},{"taxonomy":"product_cat","embeddable":true,"href":"https:\/\/elpalaciodelaspilas.com\/index.php?rest_route=%2Fwp%2Fv2%2Fproduct_cat&post=9634"},{"taxonomy":"product_tag","embeddable":true,"href":"https:\/\/elpalaciodelaspilas.com\/index.php?rest_route=%2Fwp%2Fv2%2Fproduct_tag&post=9634"}],"curies":[{"name":"wp","href":"https:\/\/api.w.org\/{rel}","templated":true}]}}