{"id":9638,"date":"2020-06-27T19:45:34","date_gmt":"2020-06-27T19:45:34","guid":{"rendered":"https:\/\/elpalaciodelaspilas.com\/?post_type=product&#038;p=9638"},"modified":"2023-06-28T13:57:43","modified_gmt":"2023-06-28T13:57:43","slug":"panasonic-cr-2-lithium-3v","status":"publish","type":"product","link":"https:\/\/elpalaciodelaspilas.com\/?product=panasonic-cr-2-lithium-3v","title":{"rendered":"PANASONIC CR-2 LITHIUM 3V"},"content":{"rendered":"<p>Usos: Linternas, miras l\u00e1ser, binoculares, fotograf\u00eda an\u00e1loga<\/p>\n<p><a href=\"https:\/\/elpalaciodelaspilas.com\/wp-content\/uploads\/2020\/06\/CR2-Panasonic-DS.pdf\">Ver ficha t\u00e9cnica\u00a0<\/a><\/p>\n","protected":false},"excerpt":{"rendered":"<p>Usos: Linternas, miras l\u00e1ser, binoculares, fotograf\u00eda an\u00e1loga,<\/p>\n","protected":false},"featured_media":9639,"comment_status":"open","ping_status":"closed","template":"","meta":[],"product_brand":[],"product_cat":[329],"product_tag":[],"class_list":{"0":"post-9638","1":"product","2":"type-product","3":"status-publish","4":"has-post-thumbnail","6":"product_cat-lithium","8":"first","9":"outofstock","10":"shipping-taxable","11":"purchasable","12":"product-type-simple"},"jetpack_sharing_enabled":true,"_links":{"self":[{"href":"https:\/\/elpalaciodelaspilas.com\/index.php?rest_route=\/wp\/v2\/product\/9638","targetHints":{"allow":["GET"]}}],"collection":[{"href":"https:\/\/elpalaciodelaspilas.com\/index.php?rest_route=\/wp\/v2\/product"}],"about":[{"href":"https:\/\/elpalaciodelaspilas.com\/index.php?rest_route=\/wp\/v2\/types\/product"}],"replies":[{"embeddable":true,"href":"https:\/\/elpalaciodelaspilas.com\/index.php?rest_route=%2Fwp%2Fv2%2Fcomments&post=9638"}],"wp:featuredmedia":[{"embeddable":true,"href":"https:\/\/elpalaciodelaspilas.com\/index.php?rest_route=\/wp\/v2\/media\/9639"}],"wp:attachment":[{"href":"https:\/\/elpalaciodelaspilas.com\/index.php?rest_route=%2Fwp%2Fv2%2Fmedia&parent=9638"}],"wp:term":[{"taxonomy":"product_brand","embeddable":true,"href":"https:\/\/elpalaciodelaspilas.com\/index.php?rest_route=%2Fwp%2Fv2%2Fproduct_brand&post=9638"},{"taxonomy":"product_cat","embeddable":true,"href":"https:\/\/elpalaciodelaspilas.com\/index.php?rest_route=%2Fwp%2Fv2%2Fproduct_cat&post=9638"},{"taxonomy":"product_tag","embeddable":true,"href":"https:\/\/elpalaciodelaspilas.com\/index.php?rest_route=%2Fwp%2Fv2%2Fproduct_tag&post=9638"}],"curies":[{"name":"wp","href":"https:\/\/api.w.org\/{rel}","templated":true}]}}